{"id":131,"date":"2024-04-10T22:50:17","date_gmt":"2024-04-10T20:50:17","guid":{"rendered":"https:\/\/martinezsilva.net\/?page_id=131"},"modified":"2024-04-11T06:59:19","modified_gmt":"2024-04-11T04:59:19","slug":"historia","status":"publish","type":"page","link":"https:\/\/martinezsilva.net\/index.php\/historia\/","title":{"rendered":"Historia"},"content":{"rendered":"\n<p>M&amp;S nace de la visi\u00f3n del C.P.C. Alfredo Mart\u00ednez qui\u00e9n, con sus a\u00f1os de experiencia en las \u00e1reas de contabilidad, auditor\u00eda e impuestos, decidi\u00f3 unir el talento de diversos contadores para crear una firma dispuesta a marcar diferencia.<\/p>\n\n\n\n<p>Desde el primer d\u00eda, nos comprometimos a brindar servicios excepcionales a nuestros clientes. Nuestra misi\u00f3n es clara \u00ab<strong>Ofrecer soluciones contables y financieras integrales que impulsen el \u00e9xito de nuestros clientes<\/strong>\u00ab. Para lograr nuestros objetivos nos apoyamos en tres pilares fundamentales:<\/p>\n\n\n\n<ul class=\"is-style-checkmark-list\">\n<li><strong>Experiencia y conocimiento:<\/strong> Nuestro equipo esta formado por contadores, auditores y asesores fiscales con una profunda comprensi\u00f3n de las leyes y regulaciones financieras.<\/li>\n\n\n\n<li><strong>Personalizaci\u00f3n:<\/strong> Reconocemos que cada cliente es \u00fanico, por esto adaptamos nuestras soluciones a las necesidades espec\u00edficas de cada empresa o individuo.<\/li>\n\n\n\n<li><strong>\u00c9tica y transparencia:<\/strong> La confianza es la base de cualquier relaci\u00f3n profesional. Nos esforzamos por ser transparentes en nuestras acciones, manteniendo la confidencialidad y actuando con la m\u00e1s alta integridad en todo momento.<\/li>\n<\/ul>\n\n\n\n<p>En M&amp;S miramos hacia el futuro. Buscamos ser reconocidos como un despacho contable de referencia en el sector, aspiramos a crecer junto a nuestros clientes aportando valor y contribuyendo a su \u00e9xito a largo plazo.<\/p>\n\n\n\n<p>En M&amp;S no solo contamos n\u00fameros, construimos relaciones duraderas y ayudamos a nuestros clientes a alcanzar sus metas financieras.<\/p>\n","protected":false},"excerpt":{"rendered":"<p>M&amp;S nace de la visi\u00f3n del C.P.C. Alfredo Mart\u00ednez qui\u00e9n, con sus a\u00f1os de experiencia en las \u00e1reas de contabilidad, auditor\u00eda e impuestos, decidi\u00f3 unir el talento de diversos contadores para crear una firma dispuesta a marcar diferencia. Desde el primer d\u00eda, nos comprometimos a brindar servicios excepcionales a nuestros clientes. Nuestra misi\u00f3n es clara [&hellip;]<\/p>\n","protected":false},"author":1,"featured_media":63,"parent":0,"menu_order":0,"comment_status":"closed","ping_status":"closed","template":"","meta":{"footnotes":""},"_links":{"self":[{"href":"https:\/\/martinezsilva.net\/index.php\/wp-json\/wp\/v2\/pages\/131"}],"collection":[{"href":"https:\/\/martinezsilva.net\/index.php\/wp-json\/wp\/v2\/pages"}],"about":[{"href":"https:\/\/martinezsilva.net\/index.php\/wp-json\/wp\/v2\/types\/page"}],"author":[{"embeddable":true,"href":"https:\/\/martinezsilva.net\/index.php\/wp-json\/wp\/v2\/users\/1"}],"replies":[{"embeddable":true,"href":"https:\/\/martinezsilva.net\/index.php\/wp-json\/wp\/v2\/comments?post=131"}],"version-history":[{"count":1,"href":"https:\/\/martinezsilva.net\/index.php\/wp-json\/wp\/v2\/pages\/131\/revisions"}],"predecessor-version":[{"id":132,"href":"https:\/\/martinezsilva.net\/index.php\/wp-json\/wp\/v2\/pages\/131\/revisions\/132"}],"wp:featuredmedia":[{"embeddable":true,"href":"https:\/\/martinezsilva.net\/index.php\/wp-json\/wp\/v2\/media\/63"}],"wp:attachment":[{"href":"https:\/\/martinezsilva.net\/index.php\/wp-json\/wp\/v2\/media?parent=131"}],"curies":[{"name":"wp","href":"https:\/\/api.w.org\/{rel}","templated":true}]}}